{"id":9150,"date":"2022-01-12T07:12:23","date_gmt":"2022-01-12T07:12:23","guid":{"rendered":"https:\/\/www.mcic.or.jp\/chiba_demae_orador\/"},"modified":"2022-05-30T02:46:26","modified_gmt":"2022-05-30T02:46:26","slug":"chiba_demae_orador","status":"publish","type":"page","link":"https:\/\/www.mcic.or.jp\/es\/chiba_demae_orador\/","title":{"rendered":"Chiba Demae Orador"},"content":{"rendered":"<div class=\"wpb-content-wrapper\"><p>[vc_row css_animation=&#8221;&#8221; row_type=&#8221;row&#8221; use_row_as_full_screen_section=&#8221;no&#8221; type=&#8221;full_width&#8221; angled_section=&#8221;no&#8221; text_align=&#8221;left&#8221; background_image_as_pattern=&#8221;without_pattern&#8221;][vc_column width=&#8221;1\/3&#8243; offset=&#8221;vc_hidden-xs&#8221;][vc_widget_sidebar sidebar_id=&#8221;Side-Navi&#8221;][\/vc_column][vc_column width=&#8221;2\/3&#8243;][vc_row_inner row_type=&#8221;row&#8221; type=&#8221;full_width&#8221; text_align=&#8221;left&#8221; css_animation=&#8221;&#8221; css=&#8221;.vc_custom_1641974987586{margin-bottom: 35px !important;}&#8221;][vc_column_inner][vc_column_text el_class=&#8221;page-links-tab&#8221;]<\/p>\n<ul>\n<li class=\"page-links-tab-active\"><a href=\"#\">Reclutamiento de grupos solicitantes<\/a><\/li>\n<li><a href=\"https:\/\/www.mcic.or.jp\/lectureship_and_events\/chiba_demae_course\/case_studies\/\">Caso de estudio(PDF)<\/a><\/li>\n<li><a href=\"https:\/\/www.mcic.or.jp\/lectureship_and_events\/chiba_demae_course\/wanted\/\">Reclutamiento de oradoras no japonesas<\/a><\/li>\n<li><a href=\"https:\/\/req.qubo.jp\/mcic\/form\/demae\" target=\"_blank\" rel=\"noopener\">Registro en l\u00ednea para personas que no hablan japon\u00e9s<\/a><\/li>\n<li><a href=\"https:\/\/www.mcic.or.jp\/wpdata\/wp-content\/uploads\/2022\/03\/demae_tourokusho.doc\" target=\"_blank\" rel=\"noopener\">Formulario de inscripci\u00f3n(DOC)Descargar<\/a><\/li>\n<\/ul>\n<p>[\/vc_column_text][\/vc_column_inner][\/vc_row_inner][vc_row_inner row_type=&#8221;row&#8221; type=&#8221;full_width&#8221; text_align=&#8221;left&#8221; css_animation=&#8221;&#8221; css=&#8221;.vc_custom_1639984331003{padding-bottom: 25px !important;}&#8221;][vc_column_inner][vc_single_image image=&#8221;9160&#8243; img_size=&#8221;full&#8221; alignment=&#8221;center&#8221; onclick=&#8221;img_link_large&#8221; qode_css_animation=&#8221;&#8221;][vc_single_image image=&#8221;9165&#8243; img_size=&#8221;full&#8221; alignment=&#8221;center&#8221; onclick=&#8221;img_link_large&#8221; qode_css_animation=&#8221;&#8221;][\/vc_column_inner][\/vc_row_inner][vc_row_inner row_type=&#8221;row&#8221; type=&#8221;full_width&#8221; text_align=&#8221;left&#8221; css_animation=&#8221;&#8221; css=&#8221;.vc_custom_1641973532013{border-top-width: 1px !important;border-right-width: 1px !important;border-bottom-width: 1px !important;border-left-width: 1px !important;padding-top: 25px !important;padding-right: 25px !important;padding-bottom: 25px !important;padding-left: 25px !important;border-left-color: #cccccc !important;border-left-style: solid !important;border-right-color: #cccccc !important;border-right-style: solid !important;border-top-color: #cccccc !important;border-top-style: solid !important;border-bottom-color: #cccccc !important;border-bottom-style: solid !important;}&#8221;][vc_column_inner][\/vc_column_inner][\/vc_row_inner][\/vc_column][\/vc_row][vc_row css_animation=&#8221;&#8221; row_type=&#8221;row&#8221; use_row_as_full_screen_section=&#8221;no&#8221; type=&#8221;full_width&#8221; angled_section=&#8221;no&#8221; text_align=&#8221;left&#8221; background_image_as_pattern=&#8221;without_pattern&#8221;][vc_column][vc_empty_space height=&#8221;75&#8243;][\/vc_column][\/vc_row][vc_row css_animation=&#8221;&#8221; row_type=&#8221;row&#8221; use_row_as_full_screen_section=&#8221;no&#8221; type=&#8221;full_width&#8221; angled_section=&#8221;no&#8221; text_align=&#8221;left&#8221; background_image_as_pattern=&#8221;without_pattern&#8221;][vc_column][vc_empty_space height=&#8221;75&#8243;][\/vc_column][\/vc_row]<\/p>\n<\/div>","protected":false},"excerpt":{"rendered":"<p>[vc_row css_animation=&#8221;&#8221; row_type=&#8221;row&#8221; use_row_as_full_screen_section=&#8221;no&#8221; type=&#8221;full_width&#8221; angled_section=&#8221;no&#8221; text_align=&#8221;left&#8221; background_image_as_pattern=&#8221;without_pattern&#8221;][vc_column width=&#8221;1\/3&#8243; offset=&#8221;vc_hidden-xs&#8221;][vc_widget_sidebar sidebar_id=&#8221;Side-Navi&#8221;][\/vc_column][vc_column width=&#8221;2\/3&#8243;][vc_row_inner row_type=&#8221;row&#8221; type=&#8221;full_width&#8221; text_align=&#8221;left&#8221; css_animation=&#8221;&#8221; css=&#8221;.vc_custom_1641974987586{margin-bottom: 35px !important;}&#8221;][vc_column_inner][vc_column_text el_class=&#8221;page-links-tab&#8221;] Reclutamiento de grupos solicitantes Caso de estudio(PDF) Reclutamiento de oradoras no japonesas Registro en l\u00ednea para personas que no hablan japon\u00e9s Formulario de inscripci\u00f3n(DOC)Descargar [\/vc_column_text][\/vc_column_inner][\/vc_row_inner][vc_row_inner&#8230;<\/p>\n","protected":false},"author":2,"featured_media":5941,"parent":0,"menu_order":0,"comment_status":"closed","ping_status":"closed","template":"","meta":{"footnotes":""},"class_list":["post-9150","page","type-page","status-publish","has-post-thumbnail","hentry"],"_links":{"self":[{"href":"https:\/\/www.mcic.or.jp\/es\/wp-json\/wp\/v2\/pages\/9150","targetHints":{"allow":["GET"]}}],"collection":[{"href":"https:\/\/www.mcic.or.jp\/es\/wp-json\/wp\/v2\/pages"}],"about":[{"href":"https:\/\/www.mcic.or.jp\/es\/wp-json\/wp\/v2\/types\/page"}],"author":[{"embeddable":true,"href":"https:\/\/www.mcic.or.jp\/es\/wp-json\/wp\/v2\/users\/2"}],"replies":[{"embeddable":true,"href":"https:\/\/www.mcic.or.jp\/es\/wp-json\/wp\/v2\/comments?post=9150"}],"version-history":[{"count":8,"href":"https:\/\/www.mcic.or.jp\/es\/wp-json\/wp\/v2\/pages\/9150\/revisions"}],"predecessor-version":[{"id":9153,"href":"https:\/\/www.mcic.or.jp\/es\/wp-json\/wp\/v2\/pages\/9150\/revisions\/9153"}],"wp:featuredmedia":[{"embeddable":true,"href":"https:\/\/www.mcic.or.jp\/es\/wp-json\/wp\/v2\/media\/5941"}],"wp:attachment":[{"href":"https:\/\/www.mcic.or.jp\/es\/wp-json\/wp\/v2\/media?parent=9150"}],"curies":[{"name":"wp","href":"https:\/\/api.w.org\/{rel}","templated":true}]}}