{"id":9145,"date":"2022-01-12T01:17:19","date_gmt":"2022-01-12T01:17:19","guid":{"rendered":"https:\/\/www.mcic.or.jp\/apoyo_para_extranjeros__trashed\/clase_de_japones\/"},"modified":"2022-05-30T02:47:42","modified_gmt":"2022-05-30T02:47:42","slug":"clase_de_japones","status":"publish","type":"page","link":"https:\/\/www.mcic.or.jp\/es\/clase_de_japones\/","title":{"rendered":"Clase de Japon\u00e9s"},"content":{"rendered":"<div class=\"wpb-content-wrapper\"><p>[vc_row css_animation=&#8221;&#8221; row_type=&#8221;row&#8221; use_row_as_full_screen_section=&#8221;no&#8221; type=&#8221;full_width&#8221; angled_section=&#8221;no&#8221; text_align=&#8221;left&#8221; background_image_as_pattern=&#8221;without_pattern&#8221;][vc_column width=&#8221;1\/3&#8243; offset=&#8221;vc_hidden-xs&#8221;][vc_widget_sidebar sidebar_id=&#8221;Side-Navi&#8221;][\/vc_column][vc_column width=&#8221;2\/3&#8243;][vc_row_inner row_type=&#8221;row&#8221; type=&#8221;full_width&#8221; text_align=&#8221;left&#8221; css_animation=&#8221;&#8221; css=&#8221;.vc_custom_1641974959174{margin-bottom: 35px !important;}&#8221;][vc_column_inner][vc_column_text el_class=&#8221;page-links-tab&#8221;]<\/p>\n<ul>\n<li class=\"page-links-tab-active\"><a href=\"\/support_for_foreigners\/japanese-class\/\">INICIO<\/a><\/li>\n<li><a href=\"https:\/\/www.mcic.or.jp\/support_for_foreigners\/japanese_class\/japanese_class_name\/\">Buscar por nombre de ciudad<\/a><\/li>\n<li><a href=\"https:\/\/www.mcic.or.jp\/support_for_foreigners\/japanese_class\/japanese_class_map\/\">B\u00fasqueda por mapa de la ciudad<\/a><\/li>\n<li><a href=\"https:\/\/www.mcic.or.jp\/support_for_foreigners\/japanese_class\/japanese_onlineclass\/\" target=\"_blank\" rel=\"noopener\">Clase en l\u00ednea<\/a><\/li>\n<li><a href=\"https:\/\/www.mcic.or.jp\/support_for_foreigners\/japanese_class\/japanese_class_registration\/\">Registro de clase de japon\u00e9s<\/a><\/li>\n<\/ul>\n<p>[\/vc_column_text][\/vc_column_inner][\/vc_row_inner][vc_row_inner row_type=&#8221;row&#8221; type=&#8221;full_width&#8221; text_align=&#8221;left&#8221; css_animation=&#8221;&#8221; css=&#8221;.vc_custom_1639984331003{padding-bottom: 25px !important;}&#8221;][vc_column_inner][vc_column_text]Clases de japon\u00e9s cerca de ti.\u3000[Una lista de clases de idioma japon\u00e9s en Chiba]\u3000Esta es la lista de clases de japon\u00e9s para las personas que desean aprender japon\u00e9s. Puedes buscarlas por ubicaci\u00f3n. Encuentre las clases a las que le gustar\u00eda asistir. Si no lee japon\u00e9s, busque a alguien que pueda leer japon\u00e9s. Debe ponerse en contacto directamente con el organizador de la clase antes de ir all\u00ed. La informaci\u00f3n en la lista puede cambiar.[\/vc_column_text][\/vc_column_inner][\/vc_row_inner][\/vc_column][\/vc_row][vc_row css_animation=&#8221;&#8221; row_type=&#8221;row&#8221; use_row_as_full_screen_section=&#8221;no&#8221; type=&#8221;full_width&#8221; angled_section=&#8221;no&#8221; text_align=&#8221;left&#8221; background_image_as_pattern=&#8221;without_pattern&#8221;][vc_column][vc_empty_space height=&#8221;75&#8243;][\/vc_column][\/vc_row]<\/p>\n<\/div>","protected":false},"excerpt":{"rendered":"<p>[vc_row css_animation=&#8221;&#8221; row_type=&#8221;row&#8221; use_row_as_full_screen_section=&#8221;no&#8221; type=&#8221;full_width&#8221; angled_section=&#8221;no&#8221; text_align=&#8221;left&#8221; background_image_as_pattern=&#8221;without_pattern&#8221;][vc_column width=&#8221;1\/3&#8243; offset=&#8221;vc_hidden-xs&#8221;][vc_widget_sidebar sidebar_id=&#8221;Side-Navi&#8221;][\/vc_column][vc_column width=&#8221;2\/3&#8243;][vc_row_inner row_type=&#8221;row&#8221; type=&#8221;full_width&#8221; text_align=&#8221;left&#8221; css_animation=&#8221;&#8221; css=&#8221;.vc_custom_1641974959174{margin-bottom: 35px !important;}&#8221;][vc_column_inner][vc_column_text el_class=&#8221;page-links-tab&#8221;] INICIO Buscar por nombre de ciudad B\u00fasqueda por mapa de la ciudad Clase en l\u00ednea Registro de clase de japon\u00e9s [\/vc_column_text][\/vc_column_inner][\/vc_row_inner][vc_row_inner row_type=&#8221;row&#8221; type=&#8221;full_width&#8221; text_align=&#8221;left&#8221; css_animation=&#8221;&#8221;&#8230;<\/p>\n","protected":false},"author":2,"featured_media":5975,"parent":0,"menu_order":0,"comment_status":"closed","ping_status":"closed","template":"","meta":{"footnotes":""},"class_list":["post-9145","page","type-page","status-publish","has-post-thumbnail","hentry"],"_links":{"self":[{"href":"https:\/\/www.mcic.or.jp\/es\/wp-json\/wp\/v2\/pages\/9145","targetHints":{"allow":["GET"]}}],"collection":[{"href":"https:\/\/www.mcic.or.jp\/es\/wp-json\/wp\/v2\/pages"}],"about":[{"href":"https:\/\/www.mcic.or.jp\/es\/wp-json\/wp\/v2\/types\/page"}],"author":[{"embeddable":true,"href":"https:\/\/www.mcic.or.jp\/es\/wp-json\/wp\/v2\/users\/2"}],"replies":[{"embeddable":true,"href":"https:\/\/www.mcic.or.jp\/es\/wp-json\/wp\/v2\/comments?post=9145"}],"version-history":[{"count":3,"href":"https:\/\/www.mcic.or.jp\/es\/wp-json\/wp\/v2\/pages\/9145\/revisions"}],"predecessor-version":[{"id":9149,"href":"https:\/\/www.mcic.or.jp\/es\/wp-json\/wp\/v2\/pages\/9145\/revisions\/9149"}],"wp:featuredmedia":[{"embeddable":true,"href":"https:\/\/www.mcic.or.jp\/es\/wp-json\/wp\/v2\/media\/5975"}],"wp:attachment":[{"href":"https:\/\/www.mcic.or.jp\/es\/wp-json\/wp\/v2\/media?parent=9145"}],"curies":[{"name":"wp","href":"https:\/\/api.w.org\/{rel}","templated":true}]}}